{"id":25,"date":"2015-06-22T12:28:45","date_gmt":"2015-06-22T10:28:45","guid":{"rendered":"http:\/\/m83.corsidistudio.unina.it\/?page_id=25"},"modified":"2015-10-01T14:04:14","modified_gmt":"2015-10-01T12:04:14","slug":"regolamenti","status":"publish","type":"page","link":"https:\/\/m83.corsidistudio.unina.it\/?page_id=25","title":{"rendered":"Regolamenti"},"content":{"rendered":"<p><strong>Programmazione degli accessi <\/strong><\/p>\n<p>Possono essere ammessi al CL TSRM candidati che siano in possesso di Diploma di Scuola media superiore o di titolo estero equipollente.<\/p>\n<p>Il numero di Studenti ammessi al CL TSRM \u00e8 definito in base alla programmazione nazionale ed alla disponibilit\u00e0 di Personale docente, di strutture didattiche (aule, laboratori) e di strutture assistenziali utilizzabili per la conduzione delle attivit\u00e0 pratiche, coerentemente con le raccomandazioni dell&#8217;Unione Europea, applicando i parametri e le direttive predisposti dall\u2019Ateneo e dalla Scuola.<\/p>\n<p>L&#8217;accesso al Corso di Laurea \u00e8 a numero programmato in base alla legge 264\/99 e prevede un esame di ammissione che consiste in una prova con test a scelta multipla.<\/p>\n<p align=\"JUSTIFY\"><b>Obbligo di frequenza<\/b><\/p>\n<p lang=\"it-IT\" align=\"JUSTIFY\">La frequenza all&#8217;attivit\u00e0 didattica formale, alle attivit\u00e0 integrative, alle attivit\u00e0 formative professionalizzanti e di tirocinio \u00e8 obbligatoria. Le prove di esame potranno esse sostenute esclusivamente con una frequenza non inferiore al 75% del totale delle ore previste per ogni singolo insegnamento. Il passaggio agli anni successivi \u00e8 consentito solo se lo studente ha frequentato l&#8217;attivit\u00e0 didattica formale e completato il monte ore di tirocinio previsto salvo quanto stabilito nel successivo punto sbarramenti.<\/p>\n<p lang=\"it-IT\" align=\"JUSTIFY\">L\u2019accesso alla frequenza del tirocinio dell\u2019anno successivo \u00e8 vincolato all\u2019esito positivo del tirocinio dell\u2019anno precedente.<br \/>\nPer essere ammesso all&#8217;esame finale di laurea \u00a0 che ha valore abilitante \u00a0 lo studente deve aver superato tutti gli esami di profitto, ed avere avuto una valutazione positiva di tutti i tirocini.<br \/>\nLa frequenza viene verificata dai Docenti, secondo le modalit\u00e0 stabilite dalla CCCL. L&#8217;attestazione di frequenza alle attivit\u00e0 didattiche obbligatorie di un Corso di insegnamento \u00e8 necessaria allo Studente per sostenere il relativo esame.<\/p>\n<p lang=\"it-IT\" align=\"JUSTIFY\">Gli Studenti eletti negli organi collegiali hanno giustificate le assenze dalle attivit\u00e0 didattiche per l&#8217;espletamento delle riunioni dei medesimi organi.<br \/>\n<b><br \/>\nSbarramenti<\/b><\/p>\n<p lang=\"it-IT\" align=\"JUSTIFY\">\u00c8 consentito il passaggio da un anno al successivo esclusivamente agli Studenti che, al termine della sessione di esami di settembre\/ottobre o, comunque, prima dell&#8217;inizio dei corsi del 1 \u00b0 semestre, abbiano acquisito tutti i crediti formativi previsti dal piano di studi, con un debito massimo di 20 crediti rispettando le propedeuticit\u00e0 previste dal piano di studi.<\/p>\n<p lang=\"it-IT\" align=\"JUSTIFY\">Lo studente si considera <i>`fuori corso <\/i>&#8221; quando, avendo frequentato le attivit\u00e0 formative previste dall&#8217;Ordinamento, non abbia superato gli esami e le altre prove di verifica relative all&#8217;intero curriculum e non abbia acquisito il numero di crediti necessari al conseguimento del titolo.<\/p>\n<p lang=\"it-IT\" align=\"JUSTIFY\">Lo studente decade dal suo <i>status<\/i> qualora non abbia superato alcuno degli esami previsti dall\u2019ordinamento per cinque anni consecutivi dall\u2019ultimo esame superato, secondo quanto riportato nel Regolamento Didattico di Ateneo.<\/p>\n<p><strong>Riconoscimento degli studi compiuti presso altre sedi o altri Corsi di studio<br \/>\n<\/strong>Gli studi compiuti presso corsi di laurea in Tecniche di Radiologia Medica, per Immagini e Radioterapia di altre sedi universitarie della Unione Europea, nonch\u00e9 i crediti in queste conseguiti, sono riconosciuti con delibera della CCCL, previo esame del curriculum trasmesso dalla Universit\u00e0 di origine e dei programmi dei corsi in quella Universit\u00e0 accreditati.<\/p>\n<p>Per il riconoscimento degli studi compiuti presso Corsi di Laurea di paesi extra-comunitari, la CCCL\u00a0affida l&#8217;incarico ad una apposita Commissione di esaminare il curriculum ed i programmi degli esami superati nel paese d&#8217;origine.<\/p>\n<p>Sentito il parere della Commissione, la CCCL riconosce la congruit\u00e0 dei crediti acquisiti e ne delibera il riconoscimento.<\/p>\n<p>I crediti conseguiti da uno Studente che si trasferisca al CL TSRM da altro Corso di Laurea della stessa o di altra Universit\u00e0 possono essere riconosciuti dopo un giudizio di congruit\u00e0, espresso dall&#8217;apposita Commissione, con gli obiettivi formativi di uno o pi\u00f9 insegnamenti compresi nell&#8217;ordinamento didattico del CL.<\/p>\n<p>Dopo avere deliberato il riconoscimento di un definito numero di crediti, la CCCL dispone per l&#8217;iscrizione regolare dello Studente ad uno dei tre anni di corso, adottando il criterio che stabilisce che, per iscriversi ad un determinato anno di corso, lo Studente deve avere superato tutti gli esami previsti per gli anni precedenti, con un debito massimo di 20 crediti.<\/p>\n<p>Per il riconoscimento degli studi pregressi, lo Studente \u00e8 tenuto a presentare domanda entro il mese precedente la 1<sup>a<\/sup> sessione di esami.<\/p>\n<p>L&#8217;iscrizione ad un determinato anno di corso \u00e8 comunque condizionata dalla disponibilit\u00e0 di posti, nell&#8217;ambito del numero programmato precedentemente deliberato dalla CCCL.<\/p>\n<p><strong><br \/>\n<\/strong><strong style=\"line-height: 1.714285714;font-size: 1rem\">Riconoscimento della Laurea <\/strong><strong style=\"line-height: 1.714285714;font-size: 1rem\">in Tecniche di Radiologia Medica, per Immagini e Radioterapia<\/strong> <strong style=\"line-height: 1.714285714;font-size: 1rem\">conseguita presso Universit\u00e0 estere<br \/>\n<\/strong>La laurea in Tecniche di Radiologia Medica, per Immagini e Radioterapia conseguita presso Universit\u00e0 straniere viene riconosciuta ove esistano accordi bilaterali o convenzioni internazionali che prevedono l&#8217;equipollenza del titolo.<\/p>\n<p>In attesa della disciplina concernente la libera circolazione dei laureati entro l&#8217;Unione Europea, le Lauree rilasciate da Atenei dell&#8217;Unione saranno riconosciute fatta salva la verifica degli atti che ne attestano la congruit\u00e0 curriculare.<\/p>\n<p>Ove non esistano accordi tra Stati, in base al combinato disposto degli articoli 170 e 332 del T.U. sull\u2019istruzione universitaria, le autorit\u00e0 accademiche possono dichiarare l\u2019equipollenza caso per caso. Ai fini di detto riconoscimento, la CCCL:<\/p>\n<ol>\n<li>accerta l&#8217;autenticit\u00e0 della documentazione prodotta e l&#8217;affidabilit\u00e0 della Facolt\u00e0 di origine, basandosi sulle attestazioni di Organismi centrali specificamente qualificati;<\/li>\n<li>esamina il curriculum e valuta la congruit\u00e0, rispetto all&#8217;ordinamento didattico vigente, degli obiettivi didattico-formativi, dei programmi di insegnamento e dei crediti a questi attribuiti presso l&#8217;Universit\u00e0 di origine.<\/li>\n<\/ol>\n<p>Lo studente deve comunque sostenere l\u2019esame finale.<\/p>\n<p>Qualora soltanto una parte dei crediti conseguiti dal laureato straniero venga riconosciuta congrua con l&#8217;ordinamento vigente, la CCCL\u00a0dispone l&#8217;iscrizione a uno dei tre anni di corso, in base al criterio che, per iscriversi a un determinato anno, lo Studente deve aver superato tutti gli esami previsti per gli anni precedenti, con un debito massimo di 20 crediti.<\/p>\n<p>L&#8217;iscrizione ad un determinato anno di corso \u00e8 comunque condizionata dalla disponibilit\u00e0 di posti nell&#8217;ambito del numero programmato precedentemente deliberato dalla CCCL.<\/p>\n<p>I tirocini effettuati prima o dopo la laurea nelle sedi estere (comunitarie ed extracomunitarie) possono essere riconosciuti ai fini dell&#8217;ammissione all&#8217;Esame di abilitazione professionale.<\/p>\n<p>Per i laureati extracomunitari si richiamano le disposizioni del DPR 31 Agosto 1999, n. 394.<\/p>\n","protected":false},"excerpt":{"rendered":"<p>Programmazione degli accessi Possono essere ammessi al CL TSRM candidati che siano in possesso di Diploma di Scuola media superiore o di titolo estero equipollente. &#8230; <\/p>\n","protected":false},"author":3,"featured_media":0,"parent":19,"menu_order":0,"comment_status":"open","ping_status":"open","template":"page-fullwidth.php","meta":{"footnotes":""},"class_list":["post-25","page","type-page","status-publish","hentry"],"_links":{"self":[{"href":"https:\/\/m83.corsidistudio.unina.it\/index.php?rest_route=\/wp\/v2\/pages\/25","targetHints":{"allow":["GET"]}}],"collection":[{"href":"https:\/\/m83.corsidistudio.unina.it\/index.php?rest_route=\/wp\/v2\/pages"}],"about":[{"href":"https:\/\/m83.corsidistudio.unina.it\/index.php?rest_route=\/wp\/v2\/types\/page"}],"author":[{"embeddable":true,"href":"https:\/\/m83.corsidistudio.unina.it\/index.php?rest_route=\/wp\/v2\/users\/3"}],"replies":[{"embeddable":true,"href":"https:\/\/m83.corsidistudio.unina.it\/index.php?rest_route=%2Fwp%2Fv2%2Fcomments&post=25"}],"version-history":[{"count":4,"href":"https:\/\/m83.corsidistudio.unina.it\/index.php?rest_route=\/wp\/v2\/pages\/25\/revisions"}],"predecessor-version":[{"id":261,"href":"https:\/\/m83.corsidistudio.unina.it\/index.php?rest_route=\/wp\/v2\/pages\/25\/revisions\/261"}],"up":[{"embeddable":true,"href":"https:\/\/m83.corsidistudio.unina.it\/index.php?rest_route=\/wp\/v2\/pages\/19"}],"wp:attachment":[{"href":"https:\/\/m83.corsidistudio.unina.it\/index.php?rest_route=%2Fwp%2Fv2%2Fmedia&parent=25"}],"curies":[{"name":"wp","href":"https:\/\/api.w.org\/{rel}","templated":true}]}}