{"id":21,"date":"2015-06-22T12:28:16","date_gmt":"2015-06-22T10:28:16","guid":{"rendered":"http:\/\/m83.corsidistudio.unina.it\/?page_id=21"},"modified":"2015-10-01T14:09:42","modified_gmt":"2015-10-01T12:09:42","slug":"presentazione","status":"publish","type":"page","link":"https:\/\/m83.corsidistudio.unina.it\/?page_id=21","title":{"rendered":"Presentazione"},"content":{"rendered":"<p style=\"text-align: justify\"><strong>Obiettivi Formativi<\/strong><\/p>\n<p style=\"text-align: justify\"><strong><br \/>\n<\/strong>Il Corso di Laurea in Tecniche di Radiologia Medica, per Immagini e Radioterapia ( CL TSRM ) si articola in\u00a0 tre\u00a0 anni ed \u00e8 istituito e attivato dalla Scuola di Medicina e Chirurgia dell\u2019Universit\u00e0 degli Studi di Napoli \u2013 Federico II.<\/p>\n<p>Il CL TSRM si propone il conseguimento degli obiettivi formativi di seguito definiti.<\/p>\n<p>I laureati nel corso di laurea sono, ai sensi della legge 10 agosto 2000, n. 251, articolo 3, comma 1, operatori delle professioni sanitarie dell\u2019area tecnico-diagnostica e dovranno essere dotati:<\/p>\n<ul>\n<li>delle basi scientifiche e della preparazione teorico-pratica necessarie per essere abilitati all\u2019esercizio della professione di Tecnico di Radiologia Medica, per Immagini e Radioterapia e della metodologia e cultura necessarie per la pratica della formazione permanente, nonch\u00e9 di un livello di autonomia professionale, decisionale ed operativa derivante da una formazione teorica e pratica che includa anche l&#8217;acquisizione di competenze comportamentali e che venga conseguita nel contesto lavorativo specifico, cos\u00ec da garantire, al termine del percorso formativo, la piena padronanza di tutte le necessarie competenze e la loro immediata spendibilit\u00e0 nell&#8217;ambiente di lavoro.<\/li>\n<\/ul>\n<p>I laureati sono operatori sanitari cui competono le attribuzioni previste dal D.M. Ministero della Sanit\u00e0 26 settembre 1999 N\u00b0 745 e successive modificazioni ed integrazioni.<\/p>\n<p>Il profilo professionale dei laureati dovr\u00e0 comprendere la conoscenza delle capacit\u00e0 per svolgere attivit\u00e0 che richiedono l&#8217;uso di sorgenti di radiazioni ionizzanti, sia artificiali che naturali, di energie termiche, ultrasoniche, di risonanza magnetica nucleare nonch\u00e9 gli interventi per la protezionistica fisica o dosimetrica, al fine di espletare le competenze proprie previste dal relativo profilo professionale<em>. <\/em>I laureati in tecniche radiologia medica, per immagini e radioterapia dovranno saper svolgere, con autonomia tecnico professionale, le loro prestazioni lavorative in diretta collaborazione con altro personale sanitario preposto alle diverse responsabilit\u00e0 operative di appartenenza; saranno responsabili del corretto adempimento delle procedure diagnostiche e terapeutiche e del loro operato, nell&#8217;ambito delle loro funzioni in applicazione dei protocolli di lavoro definiti dai dirigenti responsabili; verificheranno la corrispondenza delle prestazioni erogate agli indicatori e standard predefiniti dal responsabile della struttura; controlleranno e verificheranno il corretto funzionamento delle apparecchiature utilizzate, provvedendo alla manutenzione ordinaria ed alla eventuale eliminazione di piccoli inconvenienti; parteciperanno alla programmazione e organizzazione del lavoro nell&#8217;ambito della struttura in cui operano. Contribuiranno alla formazione del personale di supporto e concorreranno direttamente all&#8217;aggiornamento relativo al loro profilo professionale e alla ricerca.<\/p>\n<p>I laureati nel corso di laurea in Tecniche di Radiologia Medica, per Immagini e Radioterapia svolgeranno l\u2019attivit\u00e0 dello specifico profilo professionale\u00a0 nei vari ruoli ed ambiti professionali pubblici e privati, sanitari e bio-medici.<\/p>\n<p>I laureati\u00a0 devono raggiungere le seguenti competenze culturali e professionali specifiche:<\/p>\n<ul>\n<li>possedere una buona conoscenza dei fondamenti delle discipline propedeutiche e biologiche;<\/li>\n<li>conoscere i principi generali di patologia con riferimenti agli aspetti pertinenti agli effetti delle radiazioni ionizzanti ed alla tecniche radiologiche, medico nucleari e radioterapiche;<\/li>\n<li>possedere le conoscenze delle discipline caratterizzanti la professione del Tecnico di Radiologia Medica, per Immagini e Radioterapia (D.M. 26\/9\/1994 n. 746) (radiobiologia e radioprotezione, apparecchiature e tecniche dell\u2019area della diagnostica per immagini e radioterapia, tecniche di elaborazione ed archiviazione delle immagini);<\/li>\n<li>conoscere ed applicare, per quanto di propria competenza, le norme di radioprotezione previste dalle direttive dell\u2019Unione Europea (D.L.vo 26.5.2000 n\u00b0 187);<\/li>\n<li>ai fini della ottimizzazione della dose, saper valutare e decidere sugli atti professionali che comportano l\u2019utilizzo di sorgenti di radiazioni ionizzanti, sia artificiali che naturali, di energie termiche, ultrasoniche, di risonanza magnetica, a scopi diagnostici, terapeutici nonch\u00e9 di ricerca applicata;<\/li>\n<li>conoscere le finalit\u00e0 diagnostiche o terapeutiche delle singole tecniche ed i relativi protocolli operativi;<\/li>\n<li>possedere le conoscenze di tecniche di primo soccorso in caso di emergenza (BLS);<\/li>\n<li>possedere conoscenze bioinformatiche ai fini dell\u2019organizzazione e consultazione di banche dati e della gestione di informazioni elettroniche;<\/li>\n<li>possedere le conoscenze di discipline integrative e affini nell\u2019ambito delle scienze umane, delle scienze del management sanitario e di scienze inter-disciplinari;<\/li>\n<li>avere familiarit\u00e0 con il metodo scientifico e capacit\u00e0 di applicarlo in situazioni concrete con adeguata conoscenza delle normative e delle problematiche deontologiche e bioetiche;<\/li>\n<li>avere capacit\u00e0 di comprensione e relazione con utenza, colleghi e altri professionisti, sanitari e non;<\/li>\n<li>avere capacit\u00e0 di lavorare in gruppo, di operare con definiti gradi di autonomia e di inserirsi prontamente negli ambienti di lavoro;<\/li>\n<li>identificare, prevenire ed affrontare gli eventi critici relativi ai rischi di varia natura e tipologia connessi con l\u2019attivita\u2019 professionale;<\/li>\n<li>possedere le conoscenze necessarie per utilizzare metodologie e strumenti di controllo, valutazione e revisione della qualit\u00e0;<\/li>\n<li>possedere competenze per partecipare alle diverse forme di aggiornamento professionale, nonch\u00e9 partecipare ad attivit\u00e0 di ricerca in diversi ambiti di applicazione delle tecniche di radiologia medica, per immagini e radioterapia;<\/li>\n<li>essere in grado di utilizzare la lingua inglese, nell\u2019ambito specifico di competenza e nello scambio di informazioni generali;<\/li>\n<li>possedere adeguate competenze e strumenti per la comunicazione e la gestione dell\u2019informazione;<\/li>\n<li>essere in grado di stendere rapporti tecnico-scientifici;<\/li>\n<li>applicare le conoscenze del progresso scientifico al fine di migliorare l\u2019efficienza e l\u2019efficacia delle procedure;<\/li>\n<li>contribuire alla programmazione ed organizzazione, compresa l\u2019analisi dei costi e l\u2019introduzione di nuovi materiali e tecnologie, dell\u2019attivita\u2019 professionale;<\/li>\n<li>conoscere gli elementi essenziali della gestione delle risorse umane, con particolare riferimento alle problematiche in ambito sanitario;<\/li>\n<li>conoscere i principi dell\u2019analisi economica e le nozioni di base dell\u2019economia pubblica e aziendale;<\/li>\n<li>conoscere la legislazione del lavoro e quella sanitaria relativa alla propria professione.<\/li>\n<\/ul>\n<p>A tali fini il corso di laurea in Tecniche di Radiologia Medica, per Immagini e Radioterapia prevede 180 CFU complessivi, articolati su tre\u00a0 anni di corso, di cui almeno 60 da acquisire in attivit\u00e0 formative volte alla maturazione di specifiche capacit\u00e0 professionali <em>(tirocinio)<\/em>;<\/p>\n<ul>\n<li>delle conoscenze teoriche essenziali che derivano dalle scienze di base, nella prospettiva della<\/li>\n<\/ul>\n<p>loro successiva applicazione professionale;<\/p>\n<ul>\n<li>della capacit\u00e0 di collaborare con le diverse figure professionali nelle attivit\u00e0 sanitarie di gruppo;<\/li>\n<li>della capacit\u00e0 di applicare, nelle decisioni professionali, anche i principi dell\u2019economia sanitaria;<\/li>\n<li>della capacit\u00e0 di riconoscere i problemi sanitari della comunit\u00e0 e di intervenire in modo competente.<\/li>\n<\/ul>\n","protected":false},"excerpt":{"rendered":"<p>Obiettivi Formativi Il Corso di Laurea in Tecniche di Radiologia Medica, per Immagini e Radioterapia ( CL TSRM ) si articola in\u00a0 tre\u00a0 anni ed &#8230; <\/p>\n","protected":false},"author":3,"featured_media":0,"parent":19,"menu_order":0,"comment_status":"open","ping_status":"open","template":"page-fullwidth.php","meta":{"footnotes":""},"class_list":["post-21","page","type-page","status-publish","hentry"],"_links":{"self":[{"href":"https:\/\/m83.corsidistudio.unina.it\/index.php?rest_route=\/wp\/v2\/pages\/21","targetHints":{"allow":["GET"]}}],"collection":[{"href":"https:\/\/m83.corsidistudio.unina.it\/index.php?rest_route=\/wp\/v2\/pages"}],"about":[{"href":"https:\/\/m83.corsidistudio.unina.it\/index.php?rest_route=\/wp\/v2\/types\/page"}],"author":[{"embeddable":true,"href":"https:\/\/m83.corsidistudio.unina.it\/index.php?rest_route=\/wp\/v2\/users\/3"}],"replies":[{"embeddable":true,"href":"https:\/\/m83.corsidistudio.unina.it\/index.php?rest_route=%2Fwp%2Fv2%2Fcomments&post=21"}],"version-history":[{"count":8,"href":"https:\/\/m83.corsidistudio.unina.it\/index.php?rest_route=\/wp\/v2\/pages\/21\/revisions"}],"predecessor-version":[{"id":264,"href":"https:\/\/m83.corsidistudio.unina.it\/index.php?rest_route=\/wp\/v2\/pages\/21\/revisions\/264"}],"up":[{"embeddable":true,"href":"https:\/\/m83.corsidistudio.unina.it\/index.php?rest_route=\/wp\/v2\/pages\/19"}],"wp:attachment":[{"href":"https:\/\/m83.corsidistudio.unina.it\/index.php?rest_route=%2Fwp%2Fv2%2Fmedia&parent=21"}],"curies":[{"name":"wp","href":"https:\/\/api.w.org\/{rel}","templated":true}]}}